{"id":6179,"date":"2019-07-16T12:30:45","date_gmt":"2019-07-16T12:30:45","guid":{"rendered":"https:\/\/tumarca.co\/?post_type=product&#038;p=6179"},"modified":"2022-02-02T15:29:56","modified_gmt":"2022-02-02T15:29:56","slug":"gorra-c-600","status":"publish","type":"product","link":"https:\/\/tumarca.co\/index.php\/product\/gorra-c-600\/","title":{"rendered":"GORRA C-600"},"content":{"rendered":"<p>Gorra en poli\u00e9ster con 5 cascos con bot\u00f3n forrado la parte superior.<br \/>\n4 cascos en malla.<br \/>\nFrente fusionado en poli\u00e9ster acolchado.<br \/>\nCierre pl\u00e1stico.<\/p>\n<p><strong>Colores disponibles:<\/strong>\u00a0blanco-naranja, blanco-amarillo, blanco-azul, blanco-negro, blanco-verde, blanco-rojo.<\/p>\n","protected":false},"excerpt":{"rendered":"<p>Gorra en poli\u00e9ster con 5 cascos con bot\u00f3n forrado la parte superior. 4 cascos en malla. Frente fusionado en poli\u00e9ster acolchado. Cierre pl\u00e1stico. Colores disponibles:\u00a0blanco-naranja, blanco-amarillo, blanco-azul, blanco-negro, blanco-verde, blanco-rojo.<\/p>\n","protected":false},"featured_media":6172,"comment_status":"open","ping_status":"closed","template":"","meta":[],"product_brand":[],"product_cat":[48],"product_tag":[],"class_list":{"0":"post-6179","1":"product","2":"type-product","3":"status-publish","4":"has-post-thumbnail","6":"product_cat-gorras","8":"first","9":"instock","10":"shipping-taxable","11":"product-type-simple"},"_links":{"self":[{"href":"https:\/\/tumarca.co\/index.php\/wp-json\/wp\/v2\/product\/6179","targetHints":{"allow":["GET"]}}],"collection":[{"href":"https:\/\/tumarca.co\/index.php\/wp-json\/wp\/v2\/product"}],"about":[{"href":"https:\/\/tumarca.co\/index.php\/wp-json\/wp\/v2\/types\/product"}],"replies":[{"embeddable":true,"href":"https:\/\/tumarca.co\/index.php\/wp-json\/wp\/v2\/comments?post=6179"}],"version-history":[{"count":0,"href":"https:\/\/tumarca.co\/index.php\/wp-json\/wp\/v2\/product\/6179\/revisions"}],"wp:featuredmedia":[{"embeddable":true,"href":"https:\/\/tumarca.co\/index.php\/wp-json\/wp\/v2\/media\/6172"}],"wp:attachment":[{"href":"https:\/\/tumarca.co\/index.php\/wp-json\/wp\/v2\/media?parent=6179"}],"wp:term":[{"taxonomy":"product_brand","embeddable":true,"href":"https:\/\/tumarca.co\/index.php\/wp-json\/wp\/v2\/product_brand?post=6179"},{"taxonomy":"product_cat","embeddable":true,"href":"https:\/\/tumarca.co\/index.php\/wp-json\/wp\/v2\/product_cat?post=6179"},{"taxonomy":"product_tag","embeddable":true,"href":"https:\/\/tumarca.co\/index.php\/wp-json\/wp\/v2\/product_tag?post=6179"}],"curies":[{"name":"wp","href":"https:\/\/api.w.org\/{rel}","templated":true}]}}