{"id":6228,"date":"2019-07-18T03:03:48","date_gmt":"2019-07-18T03:03:48","guid":{"rendered":"https:\/\/tumarca.co\/?post_type=product&#038;p=6228"},"modified":"2025-05-07T01:02:20","modified_gmt":"2025-05-07T01:02:20","slug":"mug-ceramica-para-sublimacion-i-11oz","status":"publish","type":"product","link":"https:\/\/tumarca.co\/index.php\/product\/mug-ceramica-para-sublimacion-i-11oz\/","title":{"rendered":"Mug Cer\u00e1mica para Sublimaci\u00f3n I &#8211; 11oz"},"content":{"rendered":"<p>Mug en cer\u00e1mica. Apto para uso en microondas.<\/p>\n","protected":false},"excerpt":{"rendered":"<p>Mug en cer\u00e1mica. Apto para uso en microondas.<\/p>\n","protected":false},"featured_media":6229,"comment_status":"open","ping_status":"closed","template":"","meta":[],"product_brand":[],"product_cat":[24,25],"product_tag":[],"class_list":{"0":"post-6228","1":"product","2":"type-product","3":"status-publish","4":"has-post-thumbnail","6":"product_cat-mugs-ceramica","7":"product_cat-mugs-y-vasos-metalicos","9":"first","10":"instock","11":"shipping-taxable","12":"product-type-simple"},"_links":{"self":[{"href":"https:\/\/tumarca.co\/index.php\/wp-json\/wp\/v2\/product\/6228","targetHints":{"allow":["GET"]}}],"collection":[{"href":"https:\/\/tumarca.co\/index.php\/wp-json\/wp\/v2\/product"}],"about":[{"href":"https:\/\/tumarca.co\/index.php\/wp-json\/wp\/v2\/types\/product"}],"replies":[{"embeddable":true,"href":"https:\/\/tumarca.co\/index.php\/wp-json\/wp\/v2\/comments?post=6228"}],"version-history":[{"count":0,"href":"https:\/\/tumarca.co\/index.php\/wp-json\/wp\/v2\/product\/6228\/revisions"}],"wp:featuredmedia":[{"embeddable":true,"href":"https:\/\/tumarca.co\/index.php\/wp-json\/wp\/v2\/media\/6229"}],"wp:attachment":[{"href":"https:\/\/tumarca.co\/index.php\/wp-json\/wp\/v2\/media?parent=6228"}],"wp:term":[{"taxonomy":"product_brand","embeddable":true,"href":"https:\/\/tumarca.co\/index.php\/wp-json\/wp\/v2\/product_brand?post=6228"},{"taxonomy":"product_cat","embeddable":true,"href":"https:\/\/tumarca.co\/index.php\/wp-json\/wp\/v2\/product_cat?post=6228"},{"taxonomy":"product_tag","embeddable":true,"href":"https:\/\/tumarca.co\/index.php\/wp-json\/wp\/v2\/product_tag?post=6228"}],"curies":[{"name":"wp","href":"https:\/\/api.w.org\/{rel}","templated":true}]}}