{"id":6261,"date":"2019-07-26T13:40:20","date_gmt":"2019-07-26T13:40:20","guid":{"rendered":"https:\/\/tumarca.co\/?post_type=product&#038;p=6261"},"modified":"2025-05-07T15:23:28","modified_gmt":"2025-05-07T15:23:28","slug":"camisetas-ecologicas-planet-shirt","status":"publish","type":"product","link":"https:\/\/tumarca.co\/index.php\/product\/camisetas-ecologicas-planet-shirt\/","title":{"rendered":"Camisetas Ecol\u00f3gicas Planet Shirt"},"content":{"rendered":"<p>Nuestras camisetas Planet Shirt son prendas ecol\u00f3gicas, el hilo con el cual se elaboran ha sido fabricado con 50% de algod\u00f3n reciclado y 50% botellas de PET recicladas. Le estamos devolviendo al planeta una posibilidad de recuperarse.<\/p>\n<p>En el proceso industrial de la fabricaci\u00f3n del hilo para las camisetas Planet Shirt se utiliz\u00f3: Cero litros de agua, lo que significa un ahorro de 1.200 litros. 0% de productos qu\u00edmicos.<br \/>\nSe disminuye la liberaci\u00f3n de gases de efecto invernadero.<\/p>\n","protected":false},"excerpt":{"rendered":"<p>Nuestras camisetas Planet Shirt son prendas ecol\u00f3gicas, el hilo con el cual se elaboran ha sido fabricado con 50% de algod\u00f3n reciclado y 50% botellas de PET recicladas. Le estamos devolviendo al planeta una posibilidad de recuperarse. En el proceso industrial de la fabricaci\u00f3n del hilo para las camisetas Planet Shirt se utiliz\u00f3: Cero litros [&hellip;]<\/p>\n","protected":false},"featured_media":6262,"comment_status":"open","ping_status":"closed","template":"","meta":[],"product_brand":[],"product_cat":[3750,11169],"product_tag":[],"class_list":{"0":"post-6261","1":"product","2":"type-product","3":"status-publish","4":"has-post-thumbnail","6":"product_cat-camisetas-t-shirt","7":"product_cat-camisetas-personalizadas","9":"first","10":"instock","11":"shipping-taxable","12":"product-type-simple"},"_links":{"self":[{"href":"https:\/\/tumarca.co\/index.php\/wp-json\/wp\/v2\/product\/6261","targetHints":{"allow":["GET"]}}],"collection":[{"href":"https:\/\/tumarca.co\/index.php\/wp-json\/wp\/v2\/product"}],"about":[{"href":"https:\/\/tumarca.co\/index.php\/wp-json\/wp\/v2\/types\/product"}],"replies":[{"embeddable":true,"href":"https:\/\/tumarca.co\/index.php\/wp-json\/wp\/v2\/comments?post=6261"}],"version-history":[{"count":0,"href":"https:\/\/tumarca.co\/index.php\/wp-json\/wp\/v2\/product\/6261\/revisions"}],"wp:featuredmedia":[{"embeddable":true,"href":"https:\/\/tumarca.co\/index.php\/wp-json\/wp\/v2\/media\/6262"}],"wp:attachment":[{"href":"https:\/\/tumarca.co\/index.php\/wp-json\/wp\/v2\/media?parent=6261"}],"wp:term":[{"taxonomy":"product_brand","embeddable":true,"href":"https:\/\/tumarca.co\/index.php\/wp-json\/wp\/v2\/product_brand?post=6261"},{"taxonomy":"product_cat","embeddable":true,"href":"https:\/\/tumarca.co\/index.php\/wp-json\/wp\/v2\/product_cat?post=6261"},{"taxonomy":"product_tag","embeddable":true,"href":"https:\/\/tumarca.co\/index.php\/wp-json\/wp\/v2\/product_tag?post=6261"}],"curies":[{"name":"wp","href":"https:\/\/api.w.org\/{rel}","templated":true}]}}