{"id":6485,"date":"2019-09-27T11:55:23","date_gmt":"2019-09-27T11:55:23","guid":{"rendered":"https:\/\/tumarca.co\/index.php\/product\/boligrafo-masaryk-color-rojo\/"},"modified":"2025-05-07T00:47:45","modified_gmt":"2025-05-07T00:47:45","slug":"boligrafo-masaryk","status":"publish","type":"product","link":"https:\/\/tumarca.co\/index.php\/product\/boligrafo-masaryk\/","title":{"rendered":"BOL\u00edGRAFO MASARYK ROJO"},"content":{"rendered":"<p>BOL\u00edGRAFO MASARYK(Bol\u00edgrafo con l\u00e1mpara y grip antiderrapante. Mecanismo twist. Incluye bater\u00eda.)<\/p>\n","protected":false},"excerpt":{"rendered":"<p>BOL\u00edGRAFO MASARYK(Bol\u00edgrafo con l\u00e1mpara y grip antiderrapante. Mecanismo twist. Incluye bater\u00eda.)<\/p>\n","protected":false},"featured_media":6484,"comment_status":"closed","ping_status":"closed","template":"","meta":[],"product_brand":[],"product_cat":[7193,11137],"product_tag":[4561,4563,4560,4562],"class_list":{"0":"post-6485","1":"product","2":"type-product","3":"status-publish","4":"has-post-thumbnail","6":"product_cat-articulos-escritura","7":"product_cat-boligrafos-funciones","8":"product_tag-boligrafo","9":"product_tag-bolis","10":"product_tag-esfero","11":"product_tag-esferos","13":"first","14":"instock","15":"shipping-taxable","16":"product-type-simple"},"_links":{"self":[{"href":"https:\/\/tumarca.co\/index.php\/wp-json\/wp\/v2\/product\/6485","targetHints":{"allow":["GET"]}}],"collection":[{"href":"https:\/\/tumarca.co\/index.php\/wp-json\/wp\/v2\/product"}],"about":[{"href":"https:\/\/tumarca.co\/index.php\/wp-json\/wp\/v2\/types\/product"}],"replies":[{"embeddable":true,"href":"https:\/\/tumarca.co\/index.php\/wp-json\/wp\/v2\/comments?post=6485"}],"version-history":[{"count":0,"href":"https:\/\/tumarca.co\/index.php\/wp-json\/wp\/v2\/product\/6485\/revisions"}],"wp:featuredmedia":[{"embeddable":true,"href":"https:\/\/tumarca.co\/index.php\/wp-json\/wp\/v2\/media\/6484"}],"wp:attachment":[{"href":"https:\/\/tumarca.co\/index.php\/wp-json\/wp\/v2\/media?parent=6485"}],"wp:term":[{"taxonomy":"product_brand","embeddable":true,"href":"https:\/\/tumarca.co\/index.php\/wp-json\/wp\/v2\/product_brand?post=6485"},{"taxonomy":"product_cat","embeddable":true,"href":"https:\/\/tumarca.co\/index.php\/wp-json\/wp\/v2\/product_cat?post=6485"},{"taxonomy":"product_tag","embeddable":true,"href":"https:\/\/tumarca.co\/index.php\/wp-json\/wp\/v2\/product_tag?post=6485"}],"curies":[{"name":"wp","href":"https:\/\/api.w.org\/{rel}","templated":true}]}}