{"id":6497,"date":"2019-09-27T11:56:48","date_gmt":"2019-09-27T11:56:48","guid":{"rendered":"https:\/\/tumarca.co\/index.php\/product\/boligrafo-coel-color-rojo\/"},"modified":"2025-05-07T00:47:45","modified_gmt":"2025-05-07T00:47:45","slug":"boligrafo-coel","status":"publish","type":"product","link":"https:\/\/tumarca.co\/index.php\/product\/boligrafo-coel\/","title":{"rendered":"BOL\u00edGRAFO COEL ROJO"},"content":{"rendered":"<p>BOL\u00edGRAFO COEL(Incluye cord\u00f3n. Mecanismo twist.)<\/p>\n","protected":false},"excerpt":{"rendered":"<p>BOL\u00edGRAFO COEL(Incluye cord\u00f3n. Mecanismo twist.)<\/p>\n","protected":false},"featured_media":6496,"comment_status":"closed","ping_status":"closed","template":"","meta":[],"product_brand":[],"product_cat":[7193,11137],"product_tag":[4561,4563,4560,4562],"class_list":{"0":"post-6497","1":"product","2":"type-product","3":"status-publish","4":"has-post-thumbnail","6":"product_cat-articulos-escritura","7":"product_cat-boligrafos-funciones","8":"product_tag-boligrafo","9":"product_tag-bolis","10":"product_tag-esfero","11":"product_tag-esferos","13":"first","14":"instock","15":"shipping-taxable","16":"product-type-simple"},"_links":{"self":[{"href":"https:\/\/tumarca.co\/index.php\/wp-json\/wp\/v2\/product\/6497","targetHints":{"allow":["GET"]}}],"collection":[{"href":"https:\/\/tumarca.co\/index.php\/wp-json\/wp\/v2\/product"}],"about":[{"href":"https:\/\/tumarca.co\/index.php\/wp-json\/wp\/v2\/types\/product"}],"replies":[{"embeddable":true,"href":"https:\/\/tumarca.co\/index.php\/wp-json\/wp\/v2\/comments?post=6497"}],"version-history":[{"count":0,"href":"https:\/\/tumarca.co\/index.php\/wp-json\/wp\/v2\/product\/6497\/revisions"}],"wp:featuredmedia":[{"embeddable":true,"href":"https:\/\/tumarca.co\/index.php\/wp-json\/wp\/v2\/media\/6496"}],"wp:attachment":[{"href":"https:\/\/tumarca.co\/index.php\/wp-json\/wp\/v2\/media?parent=6497"}],"wp:term":[{"taxonomy":"product_brand","embeddable":true,"href":"https:\/\/tumarca.co\/index.php\/wp-json\/wp\/v2\/product_brand?post=6497"},{"taxonomy":"product_cat","embeddable":true,"href":"https:\/\/tumarca.co\/index.php\/wp-json\/wp\/v2\/product_cat?post=6497"},{"taxonomy":"product_tag","embeddable":true,"href":"https:\/\/tumarca.co\/index.php\/wp-json\/wp\/v2\/product_tag?post=6497"}],"curies":[{"name":"wp","href":"https:\/\/api.w.org\/{rel}","templated":true}]}}