{"id":6503,"date":"2019-09-27T11:57:33","date_gmt":"2019-09-27T11:57:33","guid":{"rendered":"https:\/\/tumarca.co\/index.php\/product\/boligrafo-cenit-color-gris\/"},"modified":"2019-10-03T13:17:07","modified_gmt":"2019-10-03T13:17:07","slug":"boligrafo-cenit","status":"publish","type":"product","link":"https:\/\/tumarca.co\/index.php\/product\/boligrafo-cenit\/","title":{"rendered":"BOL\u00edGRAFO CENIT"},"content":{"rendered":"<p>BOL\u00edGRAFO CENIT(Bol\u00edgrafo con touch screen. Mecanismo pulsador. Incluye funda.)<\/p>\n","protected":false},"excerpt":{"rendered":"<p>BOL\u00edGRAFO CENIT(Bol\u00edgrafo con touch screen. Mecanismo pulsador. Incluye funda.)<\/p>\n","protected":false},"featured_media":6502,"comment_status":"closed","ping_status":"closed","template":"","meta":[],"product_brand":[],"product_cat":[42],"product_tag":[4561,4563,4560,4562],"class_list":{"0":"post-6503","1":"product","2":"type-product","3":"status-publish","4":"has-post-thumbnail","6":"product_cat-boligrafos-plasticos","7":"product_tag-boligrafo","8":"product_tag-bolis","9":"product_tag-esfero","10":"product_tag-esferos","12":"first","13":"instock","14":"shipping-taxable","15":"product-type-simple"},"_links":{"self":[{"href":"https:\/\/tumarca.co\/index.php\/wp-json\/wp\/v2\/product\/6503","targetHints":{"allow":["GET"]}}],"collection":[{"href":"https:\/\/tumarca.co\/index.php\/wp-json\/wp\/v2\/product"}],"about":[{"href":"https:\/\/tumarca.co\/index.php\/wp-json\/wp\/v2\/types\/product"}],"replies":[{"embeddable":true,"href":"https:\/\/tumarca.co\/index.php\/wp-json\/wp\/v2\/comments?post=6503"}],"version-history":[{"count":0,"href":"https:\/\/tumarca.co\/index.php\/wp-json\/wp\/v2\/product\/6503\/revisions"}],"wp:featuredmedia":[{"embeddable":true,"href":"https:\/\/tumarca.co\/index.php\/wp-json\/wp\/v2\/media\/6502"}],"wp:attachment":[{"href":"https:\/\/tumarca.co\/index.php\/wp-json\/wp\/v2\/media?parent=6503"}],"wp:term":[{"taxonomy":"product_brand","embeddable":true,"href":"https:\/\/tumarca.co\/index.php\/wp-json\/wp\/v2\/product_brand?post=6503"},{"taxonomy":"product_cat","embeddable":true,"href":"https:\/\/tumarca.co\/index.php\/wp-json\/wp\/v2\/product_cat?post=6503"},{"taxonomy":"product_tag","embeddable":true,"href":"https:\/\/tumarca.co\/index.php\/wp-json\/wp\/v2\/product_tag?post=6503"}],"curies":[{"name":"wp","href":"https:\/\/api.w.org\/{rel}","templated":true}]}}