{"id":6517,"date":"2019-09-27T11:59:31","date_gmt":"2019-09-27T11:59:31","guid":{"rendered":"https:\/\/tumarca.co\/index.php\/product\/boligrafo-usb-elz\/"},"modified":"2025-05-07T00:47:44","modified_gmt":"2025-05-07T00:47:44","slug":"boligrafo-usb-elz","status":"publish","type":"product","link":"https:\/\/tumarca.co\/index.php\/product\/boligrafo-usb-elz\/","title":{"rendered":"BOL\u00edGRAFO USB 8 GB ELZ"},"content":{"rendered":"<p>BOL\u00edGRAFO USB 8 GB ELZ(Bol\u00edgrafo USB de 8 GB. Memoria USB con funci\u00f3n OTG para transferencia de informaci\u00f3n entre dispositivos. Compatibilidad USB\/Micro USB. Mecanismo twist. Incluye estuche.)<\/p>\n","protected":false},"excerpt":{"rendered":"<p>BOL\u00edGRAFO USB 8 GB ELZ(Bol\u00edgrafo USB de 8 GB. Memoria USB con funci\u00f3n OTG para transferencia de informaci\u00f3n entre dispositivos. Compatibilidad USB\/Micro USB. Mecanismo twist. Incluye estuche.)<\/p>\n","protected":false},"featured_media":6516,"comment_status":"closed","ping_status":"closed","template":"","meta":[],"product_brand":[],"product_cat":[7193,11137],"product_tag":[4561,4563,4560,4562],"class_list":{"0":"post-6517","1":"product","2":"type-product","3":"status-publish","4":"has-post-thumbnail","6":"product_cat-articulos-escritura","7":"product_cat-boligrafos-funciones","8":"product_tag-boligrafo","9":"product_tag-bolis","10":"product_tag-esfero","11":"product_tag-esferos","13":"first","14":"instock","15":"shipping-taxable","16":"product-type-simple"},"_links":{"self":[{"href":"https:\/\/tumarca.co\/index.php\/wp-json\/wp\/v2\/product\/6517","targetHints":{"allow":["GET"]}}],"collection":[{"href":"https:\/\/tumarca.co\/index.php\/wp-json\/wp\/v2\/product"}],"about":[{"href":"https:\/\/tumarca.co\/index.php\/wp-json\/wp\/v2\/types\/product"}],"replies":[{"embeddable":true,"href":"https:\/\/tumarca.co\/index.php\/wp-json\/wp\/v2\/comments?post=6517"}],"version-history":[{"count":0,"href":"https:\/\/tumarca.co\/index.php\/wp-json\/wp\/v2\/product\/6517\/revisions"}],"wp:featuredmedia":[{"embeddable":true,"href":"https:\/\/tumarca.co\/index.php\/wp-json\/wp\/v2\/media\/6516"}],"wp:attachment":[{"href":"https:\/\/tumarca.co\/index.php\/wp-json\/wp\/v2\/media?parent=6517"}],"wp:term":[{"taxonomy":"product_brand","embeddable":true,"href":"https:\/\/tumarca.co\/index.php\/wp-json\/wp\/v2\/product_brand?post=6517"},{"taxonomy":"product_cat","embeddable":true,"href":"https:\/\/tumarca.co\/index.php\/wp-json\/wp\/v2\/product_cat?post=6517"},{"taxonomy":"product_tag","embeddable":true,"href":"https:\/\/tumarca.co\/index.php\/wp-json\/wp\/v2\/product_tag?post=6517"}],"curies":[{"name":"wp","href":"https:\/\/api.w.org\/{rel}","templated":true}]}}