{"id":7376,"date":"2019-09-27T14:04:23","date_gmt":"2019-09-27T14:04:23","guid":{"rendered":"https:\/\/tumarca.co\/index.php\/product\/balon-kot-en-color-azul\/"},"modified":"2022-11-09T19:21:26","modified_gmt":"2022-11-09T19:21:26","slug":"balon-kot","status":"publish","type":"product","link":"https:\/\/tumarca.co\/index.php\/product\/balon-kot\/","title":{"rendered":"BAL\u00f3N KOT AZUL"},"content":{"rendered":"<p>BAL\u00f3N KOT AZUL(C\u00e1mara blader rubber, 6 gajos. Peso 420 gr. Cosido a m\u00e1quina. 3 Capas. Nivel m\u00e1ximo de presi\u00f3n 6-8 libras.)<\/p>\n","protected":false},"excerpt":{"rendered":"<p>BAL\u00f3N KOT AZUL(C\u00e1mara blader rubber, 6 gajos. Peso 420 gr. Cosido a m\u00e1quina. 3 Capas. Nivel m\u00e1ximo de presi\u00f3n 6-8 libras.)<\/p>\n","protected":false},"featured_media":7375,"comment_status":"closed","ping_status":"closed","template":"","meta":[],"product_brand":[],"product_cat":[15],"product_tag":[],"class_list":{"0":"post-7376","1":"product","2":"type-product","3":"status-publish","4":"has-post-thumbnail","6":"product_cat-uncategorized","8":"first","9":"instock","10":"shipping-taxable","11":"product-type-simple"},"_links":{"self":[{"href":"https:\/\/tumarca.co\/index.php\/wp-json\/wp\/v2\/product\/7376","targetHints":{"allow":["GET"]}}],"collection":[{"href":"https:\/\/tumarca.co\/index.php\/wp-json\/wp\/v2\/product"}],"about":[{"href":"https:\/\/tumarca.co\/index.php\/wp-json\/wp\/v2\/types\/product"}],"replies":[{"embeddable":true,"href":"https:\/\/tumarca.co\/index.php\/wp-json\/wp\/v2\/comments?post=7376"}],"version-history":[{"count":0,"href":"https:\/\/tumarca.co\/index.php\/wp-json\/wp\/v2\/product\/7376\/revisions"}],"wp:featuredmedia":[{"embeddable":true,"href":"https:\/\/tumarca.co\/index.php\/wp-json\/wp\/v2\/media\/7375"}],"wp:attachment":[{"href":"https:\/\/tumarca.co\/index.php\/wp-json\/wp\/v2\/media?parent=7376"}],"wp:term":[{"taxonomy":"product_brand","embeddable":true,"href":"https:\/\/tumarca.co\/index.php\/wp-json\/wp\/v2\/product_brand?post=7376"},{"taxonomy":"product_cat","embeddable":true,"href":"https:\/\/tumarca.co\/index.php\/wp-json\/wp\/v2\/product_cat?post=7376"},{"taxonomy":"product_tag","embeddable":true,"href":"https:\/\/tumarca.co\/index.php\/wp-json\/wp\/v2\/product_tag?post=7376"}],"curies":[{"name":"wp","href":"https:\/\/api.w.org\/{rel}","templated":true}]}}