{"id":7460,"date":"2019-09-27T14:17:05","date_gmt":"2019-09-27T14:17:05","guid":{"rendered":"https:\/\/tumarca.co\/index.php\/product\/medidor-de-presion-edfu\/"},"modified":"2022-11-09T19:21:29","modified_gmt":"2022-11-09T19:21:29","slug":"medidor-de-presion-edfu","status":"publish","type":"product","link":"https:\/\/tumarca.co\/index.php\/product\/medidor-de-presion-edfu\/","title":{"rendered":"MEDIDOR DE PRESI\u00f3N EDFU"},"content":{"rendered":"<p>MEDIDOR DE PRESI\u00f3N EDFU(M\u00e1xima medici\u00f3n 50 libras.)<\/p>\n","protected":false},"excerpt":{"rendered":"<p>MEDIDOR DE PRESI\u00f3N EDFU(M\u00e1xima medici\u00f3n 50 libras.)<\/p>\n","protected":false},"featured_media":7459,"comment_status":"closed","ping_status":"closed","template":"","meta":[],"product_brand":[],"product_cat":[49],"product_tag":[],"class_list":{"0":"post-7460","1":"product","2":"type-product","3":"status-publish","4":"has-post-thumbnail","6":"product_cat-herramientas","8":"first","9":"instock","10":"shipping-taxable","11":"product-type-simple"},"_links":{"self":[{"href":"https:\/\/tumarca.co\/index.php\/wp-json\/wp\/v2\/product\/7460","targetHints":{"allow":["GET"]}}],"collection":[{"href":"https:\/\/tumarca.co\/index.php\/wp-json\/wp\/v2\/product"}],"about":[{"href":"https:\/\/tumarca.co\/index.php\/wp-json\/wp\/v2\/types\/product"}],"replies":[{"embeddable":true,"href":"https:\/\/tumarca.co\/index.php\/wp-json\/wp\/v2\/comments?post=7460"}],"version-history":[{"count":0,"href":"https:\/\/tumarca.co\/index.php\/wp-json\/wp\/v2\/product\/7460\/revisions"}],"wp:featuredmedia":[{"embeddable":true,"href":"https:\/\/tumarca.co\/index.php\/wp-json\/wp\/v2\/media\/7459"}],"wp:attachment":[{"href":"https:\/\/tumarca.co\/index.php\/wp-json\/wp\/v2\/media?parent=7460"}],"wp:term":[{"taxonomy":"product_brand","embeddable":true,"href":"https:\/\/tumarca.co\/index.php\/wp-json\/wp\/v2\/product_brand?post=7460"},{"taxonomy":"product_cat","embeddable":true,"href":"https:\/\/tumarca.co\/index.php\/wp-json\/wp\/v2\/product_cat?post=7460"},{"taxonomy":"product_tag","embeddable":true,"href":"https:\/\/tumarca.co\/index.php\/wp-json\/wp\/v2\/product_tag?post=7460"}],"curies":[{"name":"wp","href":"https:\/\/api.w.org\/{rel}","templated":true}]}}