{"id":7464,"date":"2019-09-27T14:17:59","date_gmt":"2019-09-27T14:17:59","guid":{"rendered":"https:\/\/tumarca.co\/index.php\/product\/mini-pinzas-quark\/"},"modified":"2022-11-09T19:21:29","modified_gmt":"2022-11-09T19:21:29","slug":"mini-pinzas-quark","status":"publish","type":"product","link":"https:\/\/tumarca.co\/index.php\/product\/mini-pinzas-quark\/","title":{"rendered":"MINI PINZAS QUARK"},"content":{"rendered":"<p>MINI PINZAS QUARK(Mini pinzas de 7 funciones, cuenta con l\u00e1mpara de 1 LED, navaja, desarmador de cruz, serrucho, destapador con punta de desarmador plano. Incluye funda y 3 bater\u00edas de bot\u00f3n y funda.)<\/p>\n","protected":false},"excerpt":{"rendered":"<p>MINI PINZAS QUARK(Mini pinzas de 7 funciones, cuenta con l\u00e1mpara de 1 LED, navaja, desarmador de cruz, serrucho, destapador con punta de desarmador plano. Incluye funda y 3 bater\u00edas de bot\u00f3n y funda.)<\/p>\n","protected":false},"featured_media":7463,"comment_status":"closed","ping_status":"closed","template":"","meta":[],"product_brand":[],"product_cat":[49],"product_tag":[],"class_list":{"0":"post-7464","1":"product","2":"type-product","3":"status-publish","4":"has-post-thumbnail","6":"product_cat-herramientas","8":"first","9":"instock","10":"shipping-taxable","11":"product-type-simple"},"_links":{"self":[{"href":"https:\/\/tumarca.co\/index.php\/wp-json\/wp\/v2\/product\/7464","targetHints":{"allow":["GET"]}}],"collection":[{"href":"https:\/\/tumarca.co\/index.php\/wp-json\/wp\/v2\/product"}],"about":[{"href":"https:\/\/tumarca.co\/index.php\/wp-json\/wp\/v2\/types\/product"}],"replies":[{"embeddable":true,"href":"https:\/\/tumarca.co\/index.php\/wp-json\/wp\/v2\/comments?post=7464"}],"version-history":[{"count":0,"href":"https:\/\/tumarca.co\/index.php\/wp-json\/wp\/v2\/product\/7464\/revisions"}],"wp:featuredmedia":[{"embeddable":true,"href":"https:\/\/tumarca.co\/index.php\/wp-json\/wp\/v2\/media\/7463"}],"wp:attachment":[{"href":"https:\/\/tumarca.co\/index.php\/wp-json\/wp\/v2\/media?parent=7464"}],"wp:term":[{"taxonomy":"product_brand","embeddable":true,"href":"https:\/\/tumarca.co\/index.php\/wp-json\/wp\/v2\/product_brand?post=7464"},{"taxonomy":"product_cat","embeddable":true,"href":"https:\/\/tumarca.co\/index.php\/wp-json\/wp\/v2\/product_cat?post=7464"},{"taxonomy":"product_tag","embeddable":true,"href":"https:\/\/tumarca.co\/index.php\/wp-json\/wp\/v2\/product_tag?post=7464"}],"curies":[{"name":"wp","href":"https:\/\/api.w.org\/{rel}","templated":true}]}}