{"id":7492,"date":"2019-09-27T14:22:39","date_gmt":"2019-09-27T14:22:39","guid":{"rendered":"https:\/\/tumarca.co\/index.php\/product\/set-de-herramientas-conrad\/"},"modified":"2022-11-09T19:21:33","modified_gmt":"2022-11-09T19:21:33","slug":"set-de-herramientas-conrad","status":"publish","type":"product","link":"https:\/\/tumarca.co\/index.php\/product\/set-de-herramientas-conrad\/","title":{"rendered":"SET DE HERRAMIENTAS CONRAD"},"content":{"rendered":"<p>SET DE HERRAMIENTAS CONRAD(Contiene 3 desarmadores de mano, flex\u00f3metro de 1 m, c\u00fater, 10 puntas de desarmadores diferentes, dados y extensi\u00f3n. Incluye estuche.)<\/p>\n","protected":false},"excerpt":{"rendered":"<p>SET DE HERRAMIENTAS CONRAD(Contiene 3 desarmadores de mano, flex\u00f3metro de 1 m, c\u00fater, 10 puntas de desarmadores diferentes, dados y extensi\u00f3n. Incluye estuche.)<\/p>\n","protected":false},"featured_media":7491,"comment_status":"closed","ping_status":"closed","template":"","meta":[],"product_brand":[],"product_cat":[49],"product_tag":[],"class_list":{"0":"post-7492","1":"product","2":"type-product","3":"status-publish","4":"has-post-thumbnail","6":"product_cat-herramientas","8":"first","9":"instock","10":"shipping-taxable","11":"product-type-simple"},"_links":{"self":[{"href":"https:\/\/tumarca.co\/index.php\/wp-json\/wp\/v2\/product\/7492","targetHints":{"allow":["GET"]}}],"collection":[{"href":"https:\/\/tumarca.co\/index.php\/wp-json\/wp\/v2\/product"}],"about":[{"href":"https:\/\/tumarca.co\/index.php\/wp-json\/wp\/v2\/types\/product"}],"replies":[{"embeddable":true,"href":"https:\/\/tumarca.co\/index.php\/wp-json\/wp\/v2\/comments?post=7492"}],"version-history":[{"count":0,"href":"https:\/\/tumarca.co\/index.php\/wp-json\/wp\/v2\/product\/7492\/revisions"}],"wp:featuredmedia":[{"embeddable":true,"href":"https:\/\/tumarca.co\/index.php\/wp-json\/wp\/v2\/media\/7491"}],"wp:attachment":[{"href":"https:\/\/tumarca.co\/index.php\/wp-json\/wp\/v2\/media?parent=7492"}],"wp:term":[{"taxonomy":"product_brand","embeddable":true,"href":"https:\/\/tumarca.co\/index.php\/wp-json\/wp\/v2\/product_brand?post=7492"},{"taxonomy":"product_cat","embeddable":true,"href":"https:\/\/tumarca.co\/index.php\/wp-json\/wp\/v2\/product_cat?post=7492"},{"taxonomy":"product_tag","embeddable":true,"href":"https:\/\/tumarca.co\/index.php\/wp-json\/wp\/v2\/product_tag?post=7492"}],"curies":[{"name":"wp","href":"https:\/\/api.w.org\/{rel}","templated":true}]}}