{"id":7502,"date":"2019-09-27T14:24:27","date_gmt":"2019-09-27T14:24:27","guid":{"rendered":"https:\/\/tumarca.co\/index.php\/product\/lampara-rider-color-plata\/"},"modified":"2022-11-09T19:21:33","modified_gmt":"2022-11-09T19:21:33","slug":"lampara-rider-color-plata","status":"publish","type":"product","link":"https:\/\/tumarca.co\/index.php\/product\/lampara-rider-color-plata\/","title":{"rendered":"L\u00e1MPARA RIDER PLATA"},"content":{"rendered":"<p>L\u00e1MPARA RIDER(1 LED, luz blanca. Incluye 3 bater\u00edas de bot\u00f3n.)<\/p>\n","protected":false},"excerpt":{"rendered":"<p>L\u00e1MPARA RIDER(1 LED, luz blanca. Incluye 3 bater\u00edas de bot\u00f3n.)<\/p>\n","protected":false},"featured_media":7501,"comment_status":"closed","ping_status":"closed","template":"","meta":[],"product_brand":[],"product_cat":[49],"product_tag":[],"class_list":{"0":"post-7502","1":"product","2":"type-product","3":"status-publish","4":"has-post-thumbnail","6":"product_cat-herramientas","8":"first","9":"instock","10":"shipping-taxable","11":"product-type-simple"},"_links":{"self":[{"href":"https:\/\/tumarca.co\/index.php\/wp-json\/wp\/v2\/product\/7502","targetHints":{"allow":["GET"]}}],"collection":[{"href":"https:\/\/tumarca.co\/index.php\/wp-json\/wp\/v2\/product"}],"about":[{"href":"https:\/\/tumarca.co\/index.php\/wp-json\/wp\/v2\/types\/product"}],"replies":[{"embeddable":true,"href":"https:\/\/tumarca.co\/index.php\/wp-json\/wp\/v2\/comments?post=7502"}],"version-history":[{"count":0,"href":"https:\/\/tumarca.co\/index.php\/wp-json\/wp\/v2\/product\/7502\/revisions"}],"wp:featuredmedia":[{"embeddable":true,"href":"https:\/\/tumarca.co\/index.php\/wp-json\/wp\/v2\/media\/7501"}],"wp:attachment":[{"href":"https:\/\/tumarca.co\/index.php\/wp-json\/wp\/v2\/media?parent=7502"}],"wp:term":[{"taxonomy":"product_brand","embeddable":true,"href":"https:\/\/tumarca.co\/index.php\/wp-json\/wp\/v2\/product_brand?post=7502"},{"taxonomy":"product_cat","embeddable":true,"href":"https:\/\/tumarca.co\/index.php\/wp-json\/wp\/v2\/product_cat?post=7502"},{"taxonomy":"product_tag","embeddable":true,"href":"https:\/\/tumarca.co\/index.php\/wp-json\/wp\/v2\/product_tag?post=7502"}],"curies":[{"name":"wp","href":"https:\/\/api.w.org\/{rel}","templated":true}]}}