{"id":7504,"date":"2019-09-27T14:24:36","date_gmt":"2019-09-27T14:24:36","guid":{"rendered":"https:\/\/tumarca.co\/index.php\/product\/lampara-angus-color-azul\/"},"modified":"2019-10-02T07:46:06","modified_gmt":"2019-10-02T07:46:06","slug":"lampara-angus","status":"publish","type":"product","link":"https:\/\/tumarca.co\/index.php\/product\/lampara-angus\/","title":{"rendered":"L\u00e1MPARA ANGUS"},"content":{"rendered":"<p>L\u00e1MPARA ANGUS(9 LEDS. Incluye cord\u00f3n y bater\u00edas (3 pilas AAA).)<\/p>\n","protected":false},"excerpt":{"rendered":"<p>L\u00e1MPARA ANGUS(9 LEDS. Incluye cord\u00f3n y bater\u00edas (3 pilas AAA).)<\/p>\n","protected":false},"featured_media":7503,"comment_status":"closed","ping_status":"closed","template":"","meta":[],"product_brand":[],"product_cat":[53],"product_tag":[],"class_list":{"0":"post-7504","1":"product","2":"type-product","3":"status-publish","4":"has-post-thumbnail","6":"product_cat-herramienteros","8":"first","9":"instock","10":"shipping-taxable","11":"product-type-simple"},"_links":{"self":[{"href":"https:\/\/tumarca.co\/index.php\/wp-json\/wp\/v2\/product\/7504","targetHints":{"allow":["GET"]}}],"collection":[{"href":"https:\/\/tumarca.co\/index.php\/wp-json\/wp\/v2\/product"}],"about":[{"href":"https:\/\/tumarca.co\/index.php\/wp-json\/wp\/v2\/types\/product"}],"replies":[{"embeddable":true,"href":"https:\/\/tumarca.co\/index.php\/wp-json\/wp\/v2\/comments?post=7504"}],"version-history":[{"count":0,"href":"https:\/\/tumarca.co\/index.php\/wp-json\/wp\/v2\/product\/7504\/revisions"}],"wp:featuredmedia":[{"embeddable":true,"href":"https:\/\/tumarca.co\/index.php\/wp-json\/wp\/v2\/media\/7503"}],"wp:attachment":[{"href":"https:\/\/tumarca.co\/index.php\/wp-json\/wp\/v2\/media?parent=7504"}],"wp:term":[{"taxonomy":"product_brand","embeddable":true,"href":"https:\/\/tumarca.co\/index.php\/wp-json\/wp\/v2\/product_brand?post=7504"},{"taxonomy":"product_cat","embeddable":true,"href":"https:\/\/tumarca.co\/index.php\/wp-json\/wp\/v2\/product_cat?post=7504"},{"taxonomy":"product_tag","embeddable":true,"href":"https:\/\/tumarca.co\/index.php\/wp-json\/wp\/v2\/product_tag?post=7504"}],"curies":[{"name":"wp","href":"https:\/\/api.w.org\/{rel}","templated":true}]}}