{"id":7712,"date":"2019-09-27T18:23:21","date_gmt":"2019-09-27T18:23:21","guid":{"rendered":"https:\/\/tumarca.co\/index.php\/product\/libreta-doctor\/"},"modified":"2022-11-09T23:31:54","modified_gmt":"2022-11-09T23:31:54","slug":"libreta-doctor","status":"publish","type":"product","link":"https:\/\/tumarca.co\/index.php\/product\/libreta-doctor\/","title":{"rendered":"LIBRETA DOCTOR"},"content":{"rendered":"<p>LIBRETA DOCTOR(100 Hojas de raya. Con el\u00e1stico para bol\u00edgrafo. No incluye bol\u00edgrafo.)<\/p>\n","protected":false},"excerpt":{"rendered":"<p>LIBRETA DOCTOR(100 Hojas de raya. Con el\u00e1stico para bol\u00edgrafo. No incluye bol\u00edgrafo.)<\/p>\n","protected":false},"featured_media":31448,"comment_status":"closed","ping_status":"closed","template":"","meta":[],"product_brand":[],"product_cat":[9563],"product_tag":[],"class_list":{"0":"post-7712","1":"product","2":"type-product","3":"status-publish","4":"has-post-thumbnail","6":"product_cat-libretas","8":"first","9":"instock","10":"shipping-taxable","11":"product-type-simple"},"_links":{"self":[{"href":"https:\/\/tumarca.co\/index.php\/wp-json\/wp\/v2\/product\/7712","targetHints":{"allow":["GET"]}}],"collection":[{"href":"https:\/\/tumarca.co\/index.php\/wp-json\/wp\/v2\/product"}],"about":[{"href":"https:\/\/tumarca.co\/index.php\/wp-json\/wp\/v2\/types\/product"}],"replies":[{"embeddable":true,"href":"https:\/\/tumarca.co\/index.php\/wp-json\/wp\/v2\/comments?post=7712"}],"version-history":[{"count":0,"href":"https:\/\/tumarca.co\/index.php\/wp-json\/wp\/v2\/product\/7712\/revisions"}],"wp:featuredmedia":[{"embeddable":true,"href":"https:\/\/tumarca.co\/index.php\/wp-json\/wp\/v2\/media\/31448"}],"wp:attachment":[{"href":"https:\/\/tumarca.co\/index.php\/wp-json\/wp\/v2\/media?parent=7712"}],"wp:term":[{"taxonomy":"product_brand","embeddable":true,"href":"https:\/\/tumarca.co\/index.php\/wp-json\/wp\/v2\/product_brand?post=7712"},{"taxonomy":"product_cat","embeddable":true,"href":"https:\/\/tumarca.co\/index.php\/wp-json\/wp\/v2\/product_cat?post=7712"},{"taxonomy":"product_tag","embeddable":true,"href":"https:\/\/tumarca.co\/index.php\/wp-json\/wp\/v2\/product_tag?post=7712"}],"curies":[{"name":"wp","href":"https:\/\/api.w.org\/{rel}","templated":true}]}}