{"id":7748,"date":"2019-09-27T18:28:32","date_gmt":"2019-09-27T18:28:32","guid":{"rendered":"https:\/\/tumarca.co\/index.php\/product\/libreta-malia-color-beige\/"},"modified":"2022-11-09T23:32:29","modified_gmt":"2022-11-09T23:32:29","slug":"libreta-malia","status":"publish","type":"product","link":"https:\/\/tumarca.co\/index.php\/product\/libreta-malia\/","title":{"rendered":"LIBRETA MALIA BEIGE"},"content":{"rendered":"<p>LIBRETA MALIA(20 Hojas de raya. Incluye notas adheribles, bol\u00edgrafo ecol\u00f3gico y espiral met\u00e1lico doble.)<\/p>\n","protected":false},"excerpt":{"rendered":"<p>LIBRETA MALIA(20 Hojas de raya. Incluye notas adheribles, bol\u00edgrafo ecol\u00f3gico y espiral met\u00e1lico doble.)<\/p>\n","protected":false},"featured_media":31479,"comment_status":"closed","ping_status":"closed","template":"","meta":[],"product_brand":[],"product_cat":[9563],"product_tag":[3682],"class_list":{"0":"post-7748","1":"product","2":"type-product","3":"status-publish","4":"has-post-thumbnail","6":"product_cat-libretas","7":"product_tag-ecologico","9":"first","10":"instock","11":"shipping-taxable","12":"product-type-simple"},"_links":{"self":[{"href":"https:\/\/tumarca.co\/index.php\/wp-json\/wp\/v2\/product\/7748","targetHints":{"allow":["GET"]}}],"collection":[{"href":"https:\/\/tumarca.co\/index.php\/wp-json\/wp\/v2\/product"}],"about":[{"href":"https:\/\/tumarca.co\/index.php\/wp-json\/wp\/v2\/types\/product"}],"replies":[{"embeddable":true,"href":"https:\/\/tumarca.co\/index.php\/wp-json\/wp\/v2\/comments?post=7748"}],"version-history":[{"count":0,"href":"https:\/\/tumarca.co\/index.php\/wp-json\/wp\/v2\/product\/7748\/revisions"}],"wp:featuredmedia":[{"embeddable":true,"href":"https:\/\/tumarca.co\/index.php\/wp-json\/wp\/v2\/media\/31479"}],"wp:attachment":[{"href":"https:\/\/tumarca.co\/index.php\/wp-json\/wp\/v2\/media?parent=7748"}],"wp:term":[{"taxonomy":"product_brand","embeddable":true,"href":"https:\/\/tumarca.co\/index.php\/wp-json\/wp\/v2\/product_brand?post=7748"},{"taxonomy":"product_cat","embeddable":true,"href":"https:\/\/tumarca.co\/index.php\/wp-json\/wp\/v2\/product_cat?post=7748"},{"taxonomy":"product_tag","embeddable":true,"href":"https:\/\/tumarca.co\/index.php\/wp-json\/wp\/v2\/product_tag?post=7748"}],"curies":[{"name":"wp","href":"https:\/\/api.w.org\/{rel}","templated":true}]}}