{"id":7756,"date":"2019-09-27T18:30:08","date_gmt":"2019-09-27T18:30:08","guid":{"rendered":"https:\/\/tumarca.co\/index.php\/product\/libreta-ridge-color-azul\/"},"modified":"2022-11-09T23:32:33","modified_gmt":"2022-11-09T23:32:33","slug":"libreta-ridge","status":"publish","type":"product","link":"https:\/\/tumarca.co\/index.php\/product\/libreta-ridge\/","title":{"rendered":"LIBRETA RIDGE AZUL"},"content":{"rendered":"<p>LIBRETA RIDGE(70 Hojas de raya. Incluye notas adheribles en diferentes colores, bol\u00edgrafo ecol\u00f3gico y el\u00e1stico para cerrar.)<\/p>\n","protected":false},"excerpt":{"rendered":"<p>LIBRETA RIDGE(70 Hojas de raya. Incluye notas adheribles en diferentes colores, bol\u00edgrafo ecol\u00f3gico y el\u00e1stico para cerrar.)<\/p>\n","protected":false},"featured_media":31483,"comment_status":"closed","ping_status":"closed","template":"","meta":[],"product_brand":[],"product_cat":[9563],"product_tag":[3682],"class_list":{"0":"post-7756","1":"product","2":"type-product","3":"status-publish","4":"has-post-thumbnail","6":"product_cat-libretas","7":"product_tag-ecologico","9":"first","10":"instock","11":"shipping-taxable","12":"product-type-simple"},"_links":{"self":[{"href":"https:\/\/tumarca.co\/index.php\/wp-json\/wp\/v2\/product\/7756","targetHints":{"allow":["GET"]}}],"collection":[{"href":"https:\/\/tumarca.co\/index.php\/wp-json\/wp\/v2\/product"}],"about":[{"href":"https:\/\/tumarca.co\/index.php\/wp-json\/wp\/v2\/types\/product"}],"replies":[{"embeddable":true,"href":"https:\/\/tumarca.co\/index.php\/wp-json\/wp\/v2\/comments?post=7756"}],"version-history":[{"count":0,"href":"https:\/\/tumarca.co\/index.php\/wp-json\/wp\/v2\/product\/7756\/revisions"}],"wp:featuredmedia":[{"embeddable":true,"href":"https:\/\/tumarca.co\/index.php\/wp-json\/wp\/v2\/media\/31483"}],"wp:attachment":[{"href":"https:\/\/tumarca.co\/index.php\/wp-json\/wp\/v2\/media?parent=7756"}],"wp:term":[{"taxonomy":"product_brand","embeddable":true,"href":"https:\/\/tumarca.co\/index.php\/wp-json\/wp\/v2\/product_brand?post=7756"},{"taxonomy":"product_cat","embeddable":true,"href":"https:\/\/tumarca.co\/index.php\/wp-json\/wp\/v2\/product_cat?post=7756"},{"taxonomy":"product_tag","embeddable":true,"href":"https:\/\/tumarca.co\/index.php\/wp-json\/wp\/v2\/product_tag?post=7756"}],"curies":[{"name":"wp","href":"https:\/\/api.w.org\/{rel}","templated":true}]}}