{"id":7784,"date":"2019-09-27T18:34:18","date_gmt":"2019-09-27T18:34:18","guid":{"rendered":"https:\/\/tumarca.co\/index.php\/product\/block-de-notas-con-boligrafo-azul\/"},"modified":"2022-11-09T23:32:45","modified_gmt":"2022-11-09T23:32:45","slug":"block-de-notas-con-boligrafo","status":"publish","type":"product","link":"https:\/\/tumarca.co\/index.php\/product\/block-de-notas-con-boligrafo\/","title":{"rendered":"BLOCK DE NOTAS CON BOL\u00edGRAFO AZUL"},"content":{"rendered":"<p>BLOCK DE NOTAS CON BOL\u00edGRAFO(60 Hojas. Incluye bol\u00edgrafo.)<\/p>\n","protected":false},"excerpt":{"rendered":"<p>BLOCK DE NOTAS CON BOL\u00edGRAFO(60 Hojas. Incluye bol\u00edgrafo.)<\/p>\n","protected":false},"featured_media":31495,"comment_status":"closed","ping_status":"closed","template":"","meta":[],"product_brand":[],"product_cat":[9563],"product_tag":[],"class_list":{"0":"post-7784","1":"product","2":"type-product","3":"status-publish","4":"has-post-thumbnail","6":"product_cat-libretas","8":"first","9":"instock","10":"shipping-taxable","11":"product-type-simple"},"_links":{"self":[{"href":"https:\/\/tumarca.co\/index.php\/wp-json\/wp\/v2\/product\/7784","targetHints":{"allow":["GET"]}}],"collection":[{"href":"https:\/\/tumarca.co\/index.php\/wp-json\/wp\/v2\/product"}],"about":[{"href":"https:\/\/tumarca.co\/index.php\/wp-json\/wp\/v2\/types\/product"}],"replies":[{"embeddable":true,"href":"https:\/\/tumarca.co\/index.php\/wp-json\/wp\/v2\/comments?post=7784"}],"version-history":[{"count":0,"href":"https:\/\/tumarca.co\/index.php\/wp-json\/wp\/v2\/product\/7784\/revisions"}],"wp:featuredmedia":[{"embeddable":true,"href":"https:\/\/tumarca.co\/index.php\/wp-json\/wp\/v2\/media\/31495"}],"wp:attachment":[{"href":"https:\/\/tumarca.co\/index.php\/wp-json\/wp\/v2\/media?parent=7784"}],"wp:term":[{"taxonomy":"product_brand","embeddable":true,"href":"https:\/\/tumarca.co\/index.php\/wp-json\/wp\/v2\/product_brand?post=7784"},{"taxonomy":"product_cat","embeddable":true,"href":"https:\/\/tumarca.co\/index.php\/wp-json\/wp\/v2\/product_cat?post=7784"},{"taxonomy":"product_tag","embeddable":true,"href":"https:\/\/tumarca.co\/index.php\/wp-json\/wp\/v2\/product_tag?post=7784"}],"curies":[{"name":"wp","href":"https:\/\/api.w.org\/{rel}","templated":true}]}}