{"id":7790,"date":"2019-09-27T18:35:03","date_gmt":"2019-09-27T18:35:03","guid":{"rendered":"https:\/\/tumarca.co\/index.php\/product\/mini-libreta-expo-con-cordon-color-azul\/"},"modified":"2022-11-09T23:32:47","modified_gmt":"2022-11-09T23:32:47","slug":"mini-libreta-expo-con-cordon","status":"publish","type":"product","link":"https:\/\/tumarca.co\/index.php\/product\/mini-libreta-expo-con-cordon\/","title":{"rendered":"MINI LIBRETA EXPO CON CORD\u00f3N AZUL"},"content":{"rendered":"<p>MINI LIBRETA EXPO CON CORD\u00f3N(60 Hojas de raya. Incluye bol\u00edgrafo y cord\u00f3n.)<\/p>\n","protected":false},"excerpt":{"rendered":"<p>MINI LIBRETA EXPO CON CORD\u00f3N(60 Hojas de raya. Incluye bol\u00edgrafo y cord\u00f3n.)<\/p>\n","protected":false},"featured_media":31498,"comment_status":"closed","ping_status":"closed","template":"","meta":[],"product_brand":[],"product_cat":[9563],"product_tag":[],"class_list":{"0":"post-7790","1":"product","2":"type-product","3":"status-publish","4":"has-post-thumbnail","6":"product_cat-libretas","8":"first","9":"instock","10":"shipping-taxable","11":"product-type-simple"},"_links":{"self":[{"href":"https:\/\/tumarca.co\/index.php\/wp-json\/wp\/v2\/product\/7790","targetHints":{"allow":["GET"]}}],"collection":[{"href":"https:\/\/tumarca.co\/index.php\/wp-json\/wp\/v2\/product"}],"about":[{"href":"https:\/\/tumarca.co\/index.php\/wp-json\/wp\/v2\/types\/product"}],"replies":[{"embeddable":true,"href":"https:\/\/tumarca.co\/index.php\/wp-json\/wp\/v2\/comments?post=7790"}],"version-history":[{"count":0,"href":"https:\/\/tumarca.co\/index.php\/wp-json\/wp\/v2\/product\/7790\/revisions"}],"wp:featuredmedia":[{"embeddable":true,"href":"https:\/\/tumarca.co\/index.php\/wp-json\/wp\/v2\/media\/31498"}],"wp:attachment":[{"href":"https:\/\/tumarca.co\/index.php\/wp-json\/wp\/v2\/media?parent=7790"}],"wp:term":[{"taxonomy":"product_brand","embeddable":true,"href":"https:\/\/tumarca.co\/index.php\/wp-json\/wp\/v2\/product_brand?post=7790"},{"taxonomy":"product_cat","embeddable":true,"href":"https:\/\/tumarca.co\/index.php\/wp-json\/wp\/v2\/product_cat?post=7790"},{"taxonomy":"product_tag","embeddable":true,"href":"https:\/\/tumarca.co\/index.php\/wp-json\/wp\/v2\/product_tag?post=7790"}],"curies":[{"name":"wp","href":"https:\/\/api.w.org\/{rel}","templated":true}]}}