{"id":7887,"date":"2019-09-27T18:51:42","date_gmt":"2019-09-27T18:51:42","guid":{"rendered":"https:\/\/tumarca.co\/index.php\/product\/llavero-flexometro-measure-blanco\/"},"modified":"2019-09-27T18:51:42","modified_gmt":"2019-09-27T18:51:42","slug":"llavero-flexometro-measure-blanco","status":"publish","type":"product","link":"https:\/\/tumarca.co\/index.php\/product\/llavero-flexometro-measure-blanco\/","title":{"rendered":"LLAVERO FLEX\u00f3METRO MEASURE BLANCO"},"content":{"rendered":"<p>LLAVERO FLEX\u00f3METRO MEASURE(Cinta met\u00e1lica de 1 m.)<\/p>\n","protected":false},"excerpt":{"rendered":"<p>LLAVERO FLEX\u00f3METRO MEASURE(Cinta met\u00e1lica de 1 m.)<\/p>\n","protected":false},"featured_media":7886,"comment_status":"closed","ping_status":"closed","template":"","meta":[],"product_brand":[],"product_cat":[58],"product_tag":[],"class_list":{"0":"post-7887","1":"product","2":"type-product","3":"status-publish","4":"has-post-thumbnail","6":"product_cat-llaveros","8":"first","9":"instock","10":"shipping-taxable","11":"product-type-simple"},"_links":{"self":[{"href":"https:\/\/tumarca.co\/index.php\/wp-json\/wp\/v2\/product\/7887","targetHints":{"allow":["GET"]}}],"collection":[{"href":"https:\/\/tumarca.co\/index.php\/wp-json\/wp\/v2\/product"}],"about":[{"href":"https:\/\/tumarca.co\/index.php\/wp-json\/wp\/v2\/types\/product"}],"replies":[{"embeddable":true,"href":"https:\/\/tumarca.co\/index.php\/wp-json\/wp\/v2\/comments?post=7887"}],"version-history":[{"count":0,"href":"https:\/\/tumarca.co\/index.php\/wp-json\/wp\/v2\/product\/7887\/revisions"}],"wp:featuredmedia":[{"embeddable":true,"href":"https:\/\/tumarca.co\/index.php\/wp-json\/wp\/v2\/media\/7886"}],"wp:attachment":[{"href":"https:\/\/tumarca.co\/index.php\/wp-json\/wp\/v2\/media?parent=7887"}],"wp:term":[{"taxonomy":"product_brand","embeddable":true,"href":"https:\/\/tumarca.co\/index.php\/wp-json\/wp\/v2\/product_brand?post=7887"},{"taxonomy":"product_cat","embeddable":true,"href":"https:\/\/tumarca.co\/index.php\/wp-json\/wp\/v2\/product_cat?post=7887"},{"taxonomy":"product_tag","embeddable":true,"href":"https:\/\/tumarca.co\/index.php\/wp-json\/wp\/v2\/product_tag?post=7887"}],"curies":[{"name":"wp","href":"https:\/\/api.w.org\/{rel}","templated":true}]}}