{"id":7961,"date":"2019-09-27T19:03:41","date_gmt":"2019-09-27T19:03:41","guid":{"rendered":"https:\/\/tumarca.co\/index.php\/product\/maleta-devonport\/"},"modified":"2025-05-07T01:15:18","modified_gmt":"2025-05-07T01:15:18","slug":"maleta-devonport","status":"publish","type":"product","link":"https:\/\/tumarca.co\/index.php\/product\/maleta-devonport\/","title":{"rendered":"MALETA DEVONPORT"},"content":{"rendered":"<p>MALETA DEVONPORT(Maleta trolley 4 ruedas. Cierre frontal con espacio para laptop y organizador de documentos. Cierre principal con 2 compartimentos internos. Placa met\u00e1lica removible para f\u00e1cil grabado y candado de seguridad con combinaci\u00f3n de 3 d\u00edgitos.)<\/p>\n","protected":false},"excerpt":{"rendered":"<p>MALETA DEVONPORT(Maleta trolley 4 ruedas. Cierre frontal con espacio para laptop y organizador de documentos. Cierre principal con 2 compartimentos internos. Placa met\u00e1lica removible para f\u00e1cil grabado y candado de seguridad con combinaci\u00f3n de 3 d\u00edgitos.)<\/p>\n","protected":false},"featured_media":31094,"comment_status":"closed","ping_status":"closed","template":"","meta":[],"product_brand":[],"product_cat":[11156,33],"product_tag":[],"class_list":{"0":"post-7961","1":"product","2":"type-product","3":"status-publish","4":"has-post-thumbnail","6":"product_cat-maletas","7":"product_cat-maletas-y-morrales","9":"first","10":"instock","11":"shipping-taxable","12":"product-type-simple"},"_links":{"self":[{"href":"https:\/\/tumarca.co\/index.php\/wp-json\/wp\/v2\/product\/7961","targetHints":{"allow":["GET"]}}],"collection":[{"href":"https:\/\/tumarca.co\/index.php\/wp-json\/wp\/v2\/product"}],"about":[{"href":"https:\/\/tumarca.co\/index.php\/wp-json\/wp\/v2\/types\/product"}],"replies":[{"embeddable":true,"href":"https:\/\/tumarca.co\/index.php\/wp-json\/wp\/v2\/comments?post=7961"}],"version-history":[{"count":0,"href":"https:\/\/tumarca.co\/index.php\/wp-json\/wp\/v2\/product\/7961\/revisions"}],"wp:featuredmedia":[{"embeddable":true,"href":"https:\/\/tumarca.co\/index.php\/wp-json\/wp\/v2\/media\/31094"}],"wp:attachment":[{"href":"https:\/\/tumarca.co\/index.php\/wp-json\/wp\/v2\/media?parent=7961"}],"wp:term":[{"taxonomy":"product_brand","embeddable":true,"href":"https:\/\/tumarca.co\/index.php\/wp-json\/wp\/v2\/product_brand?post=7961"},{"taxonomy":"product_cat","embeddable":true,"href":"https:\/\/tumarca.co\/index.php\/wp-json\/wp\/v2\/product_cat?post=7961"},{"taxonomy":"product_tag","embeddable":true,"href":"https:\/\/tumarca.co\/index.php\/wp-json\/wp\/v2\/product_tag?post=7961"}],"curies":[{"name":"wp","href":"https:\/\/api.w.org\/{rel}","templated":true}]}}