{"id":8232,"date":"2019-09-27T19:59:25","date_gmt":"2019-09-27T19:59:25","guid":{"rendered":"https:\/\/tumarca.co\/index.php\/product\/portagafete-retractil-color-blanco\/"},"modified":"2025-05-07T00:45:43","modified_gmt":"2025-05-07T00:45:43","slug":"portagafete-retractil","status":"publish","type":"product","link":"https:\/\/tumarca.co\/index.php\/product\/portagafete-retractil\/","title":{"rendered":"PORTAGAFETE RETR\u00e1CTIL BLANCO"},"content":{"rendered":"<p>PORTAGAFETE RETR\u00e1CTIL(Cord\u00f3n de 85 cm. Incluye clip porta tarjetas.)<\/p>\n","protected":false},"excerpt":{"rendered":"<p>PORTAGAFETE RETR\u00e1CTIL(Cord\u00f3n de 85 cm. Incluye clip porta tarjetas.)<\/p>\n","protected":false},"featured_media":8231,"comment_status":"closed","ping_status":"closed","template":"","meta":[],"product_brand":[],"product_cat":[68,3753,7193],"product_tag":[],"class_list":{"0":"post-8232","1":"product","2":"type-product","3":"status-publish","4":"has-post-thumbnail","6":"product_cat-accesorios-de-escritorio","7":"product_cat-articulos-de-oficina","8":"product_cat-articulos-escritura","10":"first","11":"instock","12":"shipping-taxable","13":"product-type-simple"},"_links":{"self":[{"href":"https:\/\/tumarca.co\/index.php\/wp-json\/wp\/v2\/product\/8232","targetHints":{"allow":["GET"]}}],"collection":[{"href":"https:\/\/tumarca.co\/index.php\/wp-json\/wp\/v2\/product"}],"about":[{"href":"https:\/\/tumarca.co\/index.php\/wp-json\/wp\/v2\/types\/product"}],"replies":[{"embeddable":true,"href":"https:\/\/tumarca.co\/index.php\/wp-json\/wp\/v2\/comments?post=8232"}],"version-history":[{"count":0,"href":"https:\/\/tumarca.co\/index.php\/wp-json\/wp\/v2\/product\/8232\/revisions"}],"wp:featuredmedia":[{"embeddable":true,"href":"https:\/\/tumarca.co\/index.php\/wp-json\/wp\/v2\/media\/8231"}],"wp:attachment":[{"href":"https:\/\/tumarca.co\/index.php\/wp-json\/wp\/v2\/media?parent=8232"}],"wp:term":[{"taxonomy":"product_brand","embeddable":true,"href":"https:\/\/tumarca.co\/index.php\/wp-json\/wp\/v2\/product_brand?post=8232"},{"taxonomy":"product_cat","embeddable":true,"href":"https:\/\/tumarca.co\/index.php\/wp-json\/wp\/v2\/product_cat?post=8232"},{"taxonomy":"product_tag","embeddable":true,"href":"https:\/\/tumarca.co\/index.php\/wp-json\/wp\/v2\/product_tag?post=8232"}],"curies":[{"name":"wp","href":"https:\/\/api.w.org\/{rel}","templated":true}]}}