{"id":8410,"date":"2019-09-27T20:26:55","date_gmt":"2019-09-27T20:26:55","guid":{"rendered":"https:\/\/tumarca.co\/index.php\/product\/taza-termica-burgos-color-amarillo\/"},"modified":"2019-10-02T04:54:59","modified_gmt":"2019-10-02T04:54:59","slug":"taza-termica-burgos","status":"publish","type":"product","link":"https:\/\/tumarca.co\/index.php\/product\/taza-termica-burgos\/","title":{"rendered":"TAZA T\u00e9RMICA BURGOS"},"content":{"rendered":"<p>TAZA T\u00e9RMICA BURGOS(Doble pared. Incluye v\u00e1lvula de seguridad giratoria con tapa de presi\u00f3n.)<\/p>\n","protected":false},"excerpt":{"rendered":"<p>TAZA T\u00e9RMICA BURGOS(Doble pared. Incluye v\u00e1lvula de seguridad giratoria con tapa de presi\u00f3n.)<\/p>\n","protected":false},"featured_media":8409,"comment_status":"closed","ping_status":"closed","template":"","meta":[],"product_brand":[],"product_cat":[27],"product_tag":[],"class_list":{"0":"post-8410","1":"product","2":"type-product","3":"status-publish","4":"has-post-thumbnail","6":"product_cat-vasos-plasticos","8":"first","9":"instock","10":"shipping-taxable","11":"product-type-simple"},"_links":{"self":[{"href":"https:\/\/tumarca.co\/index.php\/wp-json\/wp\/v2\/product\/8410","targetHints":{"allow":["GET"]}}],"collection":[{"href":"https:\/\/tumarca.co\/index.php\/wp-json\/wp\/v2\/product"}],"about":[{"href":"https:\/\/tumarca.co\/index.php\/wp-json\/wp\/v2\/types\/product"}],"replies":[{"embeddable":true,"href":"https:\/\/tumarca.co\/index.php\/wp-json\/wp\/v2\/comments?post=8410"}],"version-history":[{"count":0,"href":"https:\/\/tumarca.co\/index.php\/wp-json\/wp\/v2\/product\/8410\/revisions"}],"wp:featuredmedia":[{"embeddable":true,"href":"https:\/\/tumarca.co\/index.php\/wp-json\/wp\/v2\/media\/8409"}],"wp:attachment":[{"href":"https:\/\/tumarca.co\/index.php\/wp-json\/wp\/v2\/media?parent=8410"}],"wp:term":[{"taxonomy":"product_brand","embeddable":true,"href":"https:\/\/tumarca.co\/index.php\/wp-json\/wp\/v2\/product_brand?post=8410"},{"taxonomy":"product_cat","embeddable":true,"href":"https:\/\/tumarca.co\/index.php\/wp-json\/wp\/v2\/product_cat?post=8410"},{"taxonomy":"product_tag","embeddable":true,"href":"https:\/\/tumarca.co\/index.php\/wp-json\/wp\/v2\/product_tag?post=8410"}],"curies":[{"name":"wp","href":"https:\/\/api.w.org\/{rel}","templated":true}]}}