{"id":8458,"date":"2019-09-27T20:33:48","date_gmt":"2019-09-27T20:33:48","guid":{"rendered":"https:\/\/tumarca.co\/index.php\/product\/funda-keep-color-blanco\/"},"modified":"2022-11-09T19:18:46","modified_gmt":"2022-11-09T19:18:46","slug":"funda-keep-color-blanco","status":"publish","type":"product","link":"https:\/\/tumarca.co\/index.php\/product\/funda-keep-color-blanco\/","title":{"rendered":"FUNDA KEEP BLANCO"},"content":{"rendered":"<p>FUNDA KEEP(Funda para smartphone con cierre herm\u00e9tico a prueba de agua. Incluye cord\u00f3n. Compatible con smartphones de 8 x 15 cm m\u00e1ximo.)<\/p>\n","protected":false},"excerpt":{"rendered":"<p>FUNDA KEEP(Funda para smartphone con cierre herm\u00e9tico a prueba de agua. Incluye cord\u00f3n. Compatible con smartphones de 8 x 15 cm m\u00e1ximo.)<\/p>\n","protected":false},"featured_media":8457,"comment_status":"closed","ping_status":"closed","template":"","meta":[],"product_brand":[],"product_cat":[100],"product_tag":[],"class_list":{"0":"post-8458","1":"product","2":"type-product","3":"status-publish","4":"has-post-thumbnail","6":"product_cat-telefonos-y-accesorios","8":"first","9":"instock","10":"shipping-taxable","11":"product-type-simple"},"_links":{"self":[{"href":"https:\/\/tumarca.co\/index.php\/wp-json\/wp\/v2\/product\/8458","targetHints":{"allow":["GET"]}}],"collection":[{"href":"https:\/\/tumarca.co\/index.php\/wp-json\/wp\/v2\/product"}],"about":[{"href":"https:\/\/tumarca.co\/index.php\/wp-json\/wp\/v2\/types\/product"}],"replies":[{"embeddable":true,"href":"https:\/\/tumarca.co\/index.php\/wp-json\/wp\/v2\/comments?post=8458"}],"version-history":[{"count":0,"href":"https:\/\/tumarca.co\/index.php\/wp-json\/wp\/v2\/product\/8458\/revisions"}],"wp:featuredmedia":[{"embeddable":true,"href":"https:\/\/tumarca.co\/index.php\/wp-json\/wp\/v2\/media\/8457"}],"wp:attachment":[{"href":"https:\/\/tumarca.co\/index.php\/wp-json\/wp\/v2\/media?parent=8458"}],"wp:term":[{"taxonomy":"product_brand","embeddable":true,"href":"https:\/\/tumarca.co\/index.php\/wp-json\/wp\/v2\/product_brand?post=8458"},{"taxonomy":"product_cat","embeddable":true,"href":"https:\/\/tumarca.co\/index.php\/wp-json\/wp\/v2\/product_cat?post=8458"},{"taxonomy":"product_tag","embeddable":true,"href":"https:\/\/tumarca.co\/index.php\/wp-json\/wp\/v2\/product_tag?post=8458"}],"curies":[{"name":"wp","href":"https:\/\/api.w.org\/{rel}","templated":true}]}}