{"id":8510,"date":"2019-09-27T20:42:00","date_gmt":"2019-09-27T20:42:00","guid":{"rendered":"https:\/\/tumarca.co\/index.php\/product\/kit-power-bank-umbriel\/"},"modified":"2022-11-09T19:18:57","modified_gmt":"2022-11-09T19:18:57","slug":"kit-power-bank-umbriel","status":"publish","type":"product","link":"https:\/\/tumarca.co\/index.php\/product\/kit-power-bank-umbriel\/","title":{"rendered":"KIT POWER BANK UMBRIEL"},"content":{"rendered":"<p>KIT POWER BANK UMBRIEL(Incluye bater\u00eda auxiliar de 8,000 mAh, cable compatible con USB y micro USB, cargador para autom\u00f3vil con 2 puertos USB, aud\u00edfonos y estuche.)<\/p>\n","protected":false},"excerpt":{"rendered":"<p>KIT POWER BANK UMBRIEL(Incluye bater\u00eda auxiliar de 8,000 mAh, cable compatible con USB y micro USB, cargador para autom\u00f3vil con 2 puertos USB, aud\u00edfonos y estuche.)<\/p>\n","protected":false},"featured_media":8509,"comment_status":"closed","ping_status":"closed","template":"","meta":[],"product_brand":[],"product_cat":[100],"product_tag":[4641],"class_list":{"0":"post-8510","1":"product","2":"type-product","3":"status-publish","4":"has-post-thumbnail","6":"product_cat-telefonos-y-accesorios","7":"product_tag-novedades","9":"first","10":"instock","11":"shipping-taxable","12":"product-type-simple"},"_links":{"self":[{"href":"https:\/\/tumarca.co\/index.php\/wp-json\/wp\/v2\/product\/8510","targetHints":{"allow":["GET"]}}],"collection":[{"href":"https:\/\/tumarca.co\/index.php\/wp-json\/wp\/v2\/product"}],"about":[{"href":"https:\/\/tumarca.co\/index.php\/wp-json\/wp\/v2\/types\/product"}],"replies":[{"embeddable":true,"href":"https:\/\/tumarca.co\/index.php\/wp-json\/wp\/v2\/comments?post=8510"}],"version-history":[{"count":0,"href":"https:\/\/tumarca.co\/index.php\/wp-json\/wp\/v2\/product\/8510\/revisions"}],"wp:featuredmedia":[{"embeddable":true,"href":"https:\/\/tumarca.co\/index.php\/wp-json\/wp\/v2\/media\/8509"}],"wp:attachment":[{"href":"https:\/\/tumarca.co\/index.php\/wp-json\/wp\/v2\/media?parent=8510"}],"wp:term":[{"taxonomy":"product_brand","embeddable":true,"href":"https:\/\/tumarca.co\/index.php\/wp-json\/wp\/v2\/product_brand?post=8510"},{"taxonomy":"product_cat","embeddable":true,"href":"https:\/\/tumarca.co\/index.php\/wp-json\/wp\/v2\/product_cat?post=8510"},{"taxonomy":"product_tag","embeddable":true,"href":"https:\/\/tumarca.co\/index.php\/wp-json\/wp\/v2\/product_tag?post=8510"}],"curies":[{"name":"wp","href":"https:\/\/api.w.org\/{rel}","templated":true}]}}