{"id":8516,"date":"2019-09-27T20:43:06","date_gmt":"2019-09-27T20:43:06","guid":{"rendered":"https:\/\/tumarca.co\/index.php\/product\/selfie-stick-samaja-color-gris\/"},"modified":"2019-09-27T20:43:06","modified_gmt":"2019-09-27T20:43:06","slug":"selfie-stick-samaja-color-gris","status":"publish","type":"product","link":"https:\/\/tumarca.co\/index.php\/product\/selfie-stick-samaja-color-gris\/","title":{"rendered":"SELFIE STICK SAMAJA COLOR GRIS"},"content":{"rendered":"<p>SELFIE STICK SAMAJA(Selfie stick con cable y bot\u00f3n para tomar fotos. Conector de 3.5 mm compatible con la entrada de audio del smartphone. Extensi\u00f3n telesc\u00f3pica para mayor \u00e1ngulo de foto. Ranura anti-giro. No requiere bater\u00edas. Compatible c)<\/p>\n","protected":false},"excerpt":{"rendered":"<p>SELFIE STICK SAMAJA(Selfie stick con cable y bot\u00f3n para tomar fotos. Conector de 3.5 mm compatible con la entrada de audio del smartphone. Extensi\u00f3n telesc\u00f3pica para mayor \u00e1ngulo de foto. Ranura anti-giro. No requiere bater\u00edas. Compatible c)<\/p>\n","protected":false},"featured_media":8515,"comment_status":"closed","ping_status":"closed","template":"","meta":[],"product_brand":[],"product_cat":[87],"product_tag":[],"class_list":{"0":"post-8516","1":"product","2":"type-product","3":"status-publish","4":"has-post-thumbnail","6":"product_cat-accesorios-para-moviles","8":"first","9":"instock","10":"shipping-taxable","11":"product-type-simple"},"_links":{"self":[{"href":"https:\/\/tumarca.co\/index.php\/wp-json\/wp\/v2\/product\/8516","targetHints":{"allow":["GET"]}}],"collection":[{"href":"https:\/\/tumarca.co\/index.php\/wp-json\/wp\/v2\/product"}],"about":[{"href":"https:\/\/tumarca.co\/index.php\/wp-json\/wp\/v2\/types\/product"}],"replies":[{"embeddable":true,"href":"https:\/\/tumarca.co\/index.php\/wp-json\/wp\/v2\/comments?post=8516"}],"version-history":[{"count":0,"href":"https:\/\/tumarca.co\/index.php\/wp-json\/wp\/v2\/product\/8516\/revisions"}],"wp:featuredmedia":[{"embeddable":true,"href":"https:\/\/tumarca.co\/index.php\/wp-json\/wp\/v2\/media\/8515"}],"wp:attachment":[{"href":"https:\/\/tumarca.co\/index.php\/wp-json\/wp\/v2\/media?parent=8516"}],"wp:term":[{"taxonomy":"product_brand","embeddable":true,"href":"https:\/\/tumarca.co\/index.php\/wp-json\/wp\/v2\/product_brand?post=8516"},{"taxonomy":"product_cat","embeddable":true,"href":"https:\/\/tumarca.co\/index.php\/wp-json\/wp\/v2\/product_cat?post=8516"},{"taxonomy":"product_tag","embeddable":true,"href":"https:\/\/tumarca.co\/index.php\/wp-json\/wp\/v2\/product_tag?post=8516"}],"curies":[{"name":"wp","href":"https:\/\/api.w.org\/{rel}","templated":true}]}}